{"id":752,"date":"2024-04-17T00:26:10","date_gmt":"2024-04-17T00:26:10","guid":{"rendered":"https:\/\/www.athm.org\/accueil\/"},"modified":"2024-04-17T00:48:31","modified_gmt":"2024-04-17T00:48:31","slug":"accueil","status":"publish","type":"page","link":"https:\/\/www.athm.org\/fr\/","title":{"rendered":"Accueil"},"content":{"rendered":"\t\t<div data-elementor-type=\"wp-page\" data-elementor-id=\"752\" class=\"elementor elementor-752 elementor-745\" data-elementor-post-type=\"page\">\n\t\t\t\t<div class=\"elementor-element elementor-element-97a3780 e-flex e-con-boxed e-con e-parent\" data-id=\"97a3780\" data-element_type=\"container\">\n\t\t\t\t\t<div class=\"e-con-inner\">\n\t\t\t\t<div class=\"elementor-element elementor-element-334148d elementor-widget elementor-widget-heading\" data-id=\"334148d\" data-element_type=\"widget\" data-widget_type=\"heading.default\">\n\t\t\t\t<div class=\"elementor-widget-container\">\n\t\t\t<style>\/*! elementor - v3.21.0 - 15-04-2024 *\/\n.elementor-heading-title{padding:0;margin:0;line-height:1}.elementor-widget-heading .elementor-heading-title[class*=elementor-size-]>a{color:inherit;font-size:inherit;line-height:inherit}.elementor-widget-heading .elementor-heading-title.elementor-size-small{font-size:15px}.elementor-widget-heading .elementor-heading-title.elementor-size-medium{font-size:19px}.elementor-widget-heading .elementor-heading-title.elementor-size-large{font-size:29px}.elementor-widget-heading .elementor-heading-title.elementor-size-xl{font-size:39px}.elementor-widget-heading .elementor-heading-title.elementor-size-xxl{font-size:59px}<\/style><h2 class=\"elementor-heading-title elementor-size-default\">\u00c0 propos du Mus\u00e9e am\u00e9ricain de l'histoire du textile<\/h2>\t\t<\/div>\n\t\t\t\t<\/div>\n\t\t\t\t<div class=\"elementor-element elementor-element-6048b9d elementor-widget elementor-widget-text-editor\" data-id=\"6048b9d\" data-element_type=\"widget\" data-widget_type=\"text-editor.default\">\n\t\t\t\t<div class=\"elementor-widget-container\">\n\t\t\t<style>\/*! elementor - v3.21.0 - 15-04-2024 *\/\n.elementor-widget-text-editor.elementor-drop-cap-view-stacked .elementor-drop-cap{background-color:#69727d;color:#fff}.elementor-widget-text-editor.elementor-drop-cap-view-framed .elementor-drop-cap{color:#69727d;border:3px solid;background-color:transparent}.elementor-widget-text-editor:not(.elementor-drop-cap-view-default) .elementor-drop-cap{margin-top:8px}.elementor-widget-text-editor:not(.elementor-drop-cap-view-default) .elementor-drop-cap-letter{width:1em;height:1em}.elementor-widget-text-editor .elementor-drop-cap{float:left;text-align:center;line-height:1;font-size:50px}.elementor-widget-text-editor .elementor-drop-cap-letter{display:inline-block}<\/style>\t\t\t\t<p>Le mus\u00e9e am\u00e9ricain de l&rsquo;histoire du textile, situ\u00e9 \u00e0 Lowell, dans le Massachusetts, avait pour mission de mettre en \u00e9vidence l&rsquo;importance des textiles dans le patrimoine culturel et industriel des \u00c9tats-Unis. Cr\u00e9\u00e9 en 1960 et faisant partie \u00e0 l&rsquo;origine de la Smithsonian Institution, le mus\u00e9e pr\u00e9sente l&rsquo;industrie textile am\u00e9ricaine depuis ses d\u00e9buts domestiques jusqu&rsquo;\u00e0 sa transformation en une puissante force mondiale.<\/p>\n<p>Ses collections couvrent tous les aspects de l&rsquo;industrie textile, y compris les machines, les objets, les photographies et les documents. Le mus\u00e9e montre comment les textiles ont fait partie int\u00e9grante de l&rsquo;\u00e9volution de la vie am\u00e9ricaine, y compris les progr\u00e8s technologiques, les mouvements ouvriers et les tendances de la mode. Les expositions cl\u00e9s ont souvent mis en lumi\u00e8re les innovations en mati\u00e8re de machines textiles, le r\u00f4le des immigr\u00e9s dans l&rsquo;industrie et l&rsquo;impact des textiles sur la vie quotidienne.<\/p>\n<p>Malheureusement, le mus\u00e9e a ferm\u00e9 ses portes en 2016 en raison de difficult\u00e9s financi\u00e8res. Malgr\u00e9 sa fermeture, ses collections restent une ressource importante pour les chercheurs et les historiens, car elles offrent une vue d&rsquo;ensemble de la tapisserie historique du pass\u00e9 industriel de l&rsquo;Am\u00e9rique. De nombreux objets et archives ont \u00e9t\u00e9 transf\u00e9r\u00e9s \u00e0 d&rsquo;autres institutions, garantissant ainsi que l&rsquo;h\u00e9ritage de l&rsquo;industrie textile et son impact sur l&rsquo;histoire am\u00e9ricaine restent accessibles et pr\u00e9serv\u00e9s.<\/p>\n\t\t\t\t\t\t<\/div>\n\t\t\t\t<\/div>\n\t\t\t\t<div class=\"elementor-element elementor-element-93ad239 elementor-widget elementor-widget-heading\" data-id=\"93ad239\" data-element_type=\"widget\" data-widget_type=\"heading.default\">\n\t\t\t\t<div class=\"elementor-widget-container\">\n\t\t\t<h2 class=\"elementor-heading-title elementor-size-default\">\u00c0 propos de l'ATHM<\/h2>\t\t<\/div>\n\t\t\t\t<\/div>\n\t\t\t\t<div class=\"elementor-element elementor-element-6bad900 elementor-widget elementor-widget-text-editor\" data-id=\"6bad900\" data-element_type=\"widget\" data-widget_type=\"text-editor.default\">\n\t\t\t\t<div class=\"elementor-widget-container\">\n\t\t\t\t\t\t\t<p>L&rsquo;ATHM a \u00e9t\u00e9 fond\u00e9 pour perp\u00e9tuer l&rsquo;h\u00e9ritage de l&rsquo;American Textile History Museum, en fournissant un contenu \u00e9ducatif sur les tissus, les textiles et leur histoire. Nous ne sommes pas affili\u00e9s \u00e0 l&rsquo;Institut Smithsonian et sommes ind\u00e9pendants. Nous esp\u00e9rons apporter une certaine valeur ajout\u00e9e gr\u00e2ce \u00e0 nos recherches, \u00e0 notre travail d&rsquo;\u00e9dition et \u00e0 notre cr\u00e9ativit\u00e9.<\/p>\n\t\t\t\t\t\t<\/div>\n\t\t\t\t<\/div>\n\t\t\t\t<div class=\"elementor-element elementor-element-d3607e9 elementor-widget elementor-widget-heading\" data-id=\"d3607e9\" data-element_type=\"widget\" data-widget_type=\"heading.default\">\n\t\t\t\t<div class=\"elementor-widget-container\">\n\t\t\t<h2 class=\"elementor-heading-title elementor-size-default\">Nos guides<\/h2>\t\t<\/div>\n\t\t\t\t<\/div>\n\t\t\t\t\t<\/div>\n\t\t\t\t<\/div>\n\t\t<div class=\"elementor-element elementor-element-4a8f9f0 e-flex e-con-boxed e-con e-parent\" data-id=\"4a8f9f0\" data-element_type=\"container\">\n\t\t\t\t\t<div class=\"e-con-inner\">\n\t\t\t\t\t<\/div>\n\t\t\t\t<\/div>\n\t\t\t\t<\/div>\n\t\t","protected":false},"excerpt":{"rendered":"<p>\u00c0 propos du Mus\u00e9e am\u00e9ricain de l&rsquo;histoire du textile Le mus\u00e9e am\u00e9ricain de l&rsquo;histoire du textile, situ\u00e9 \u00e0 Lowell, dans le Massachusetts, avait pour mission de mettre en \u00e9vidence l&rsquo;importance des textiles dans le patrimoine culturel et industriel des \u00c9tats-Unis. Cr\u00e9\u00e9 en 1960 et faisant partie \u00e0 l&rsquo;origine de la Smithsonian Institution, le mus\u00e9e pr\u00e9sente &hellip;<\/p>\n<p class=\"read-more\"> <a class=\"\" href=\"https:\/\/www.athm.org\/fr\/\"> <span class=\"screen-reader-text\">Accueil<\/span> Lire la suite\u00a0\u00bb<\/a><\/p>\n","protected":false},"author":1,"featured_media":0,"parent":0,"menu_order":0,"comment_status":"closed","ping_status":"closed","template":"","meta":{"site-sidebar-layout":"no-sidebar","site-content-layout":"page-builder","ast-global-header-display":"","ast-main-header-display":"","ast-hfb-above-header-display":"","ast-hfb-below-header-display":"","ast-hfb-mobile-header-display":"","site-post-title":"disabled","ast-breadcrumbs-content":"","ast-featured-img":"disabled","footer-sml-layout":"","theme-transparent-header-meta":"","adv-header-id-meta":"","stick-header-meta":"","header-above-stick-meta":"","header-main-stick-meta":"","header-below-stick-meta":"","footnotes":""},"class_list":["post-752","page","type-page","status-publish","hentry"],"_links":{"self":[{"href":"https:\/\/www.athm.org\/fr\/wp-json\/wp\/v2\/pages\/752","targetHints":{"allow":["GET"]}}],"collection":[{"href":"https:\/\/www.athm.org\/fr\/wp-json\/wp\/v2\/pages"}],"about":[{"href":"https:\/\/www.athm.org\/fr\/wp-json\/wp\/v2\/types\/page"}],"author":[{"embeddable":true,"href":"https:\/\/www.athm.org\/fr\/wp-json\/wp\/v2\/users\/1"}],"replies":[{"embeddable":true,"href":"https:\/\/www.athm.org\/fr\/wp-json\/wp\/v2\/comments?post=752"}],"version-history":[{"count":9,"href":"https:\/\/www.athm.org\/fr\/wp-json\/wp\/v2\/pages\/752\/revisions"}],"predecessor-version":[{"id":785,"href":"https:\/\/www.athm.org\/fr\/wp-json\/wp\/v2\/pages\/752\/revisions\/785"}],"wp:attachment":[{"href":"https:\/\/www.athm.org\/fr\/wp-json\/wp\/v2\/media?parent=752"}],"curies":[{"name":"wp","href":"https:\/\/api.w.org\/{rel}","templated":true}]}}