{"id":725,"date":"2024-05-01T04:09:54","date_gmt":"2024-05-01T04:09:54","guid":{"rendered":"https:\/\/www.athm.org\/a-propos-de-lathm\/"},"modified":"2022-09-08T04:09:54","modified_gmt":"2022-09-08T04:09:54","slug":"a-propos-de-lathm","status":"publish","type":"page","link":"https:\/\/www.athm.org\/fr\/a-propos-de-lathm\/","title":{"rendered":"\u00c0 propos de l&rsquo;ATHM"},"content":{"rendered":"<p><img fetchpriority=\"high\" decoding=\"async\" class=\"size-medium wp-image-39 aligncenter\" src=\"https:\/\/www.athm.org\/wp-content\/uploads\/2022\/09\/logo_transparent_background-300x289.png\" alt=\"Logo ATHM\" width=\"300\" height=\"289\" srcset=\"https:\/\/www.athm.org\/wp-content\/uploads\/2022\/09\/logo_transparent_background-300x289.png 300w, https:\/\/www.athm.org\/wp-content\/uploads\/2022\/09\/logo_transparent_background-1024x987.png 1024w, https:\/\/www.athm.org\/wp-content\/uploads\/2022\/09\/logo_transparent_background-768x740.png 768w, https:\/\/www.athm.org\/wp-content\/uploads\/2022\/09\/logo_transparent_background-1536x1481.png 1536w, https:\/\/www.athm.org\/wp-content\/uploads\/2022\/09\/logo_transparent_background-2048x1975.png 2048w, https:\/\/www.athm.org\/wp-content\/uploads\/2022\/09\/logo_transparent_background-120x116.png 120w\" sizes=\"(max-width: 300px) 100vw, 300px\" \/><\/p>\n<p>L&rsquo;ATHM est l&rsquo;ancien si\u00e8ge de l&rsquo;American Textile History Museum, qui a fonctionn\u00e9 \u00e0 Lowell, dans le Massachusetts, de sa cr\u00e9ation en 1960 \u00e0 sa fermeture en 2016. L&rsquo;ATHM a \u00e9t\u00e9 fond\u00e9e pour raconter l&rsquo;histoire de l&rsquo;Am\u00e9rique \u00e0 travers l&rsquo;art et la technologie des textiles.<\/p>\n<p>Bien que le mus\u00e9e ait ferm\u00e9 et que l&rsquo;<a href=\"https:\/\/www.athm.org\/news\/athm-seeks-to-close\/\">organisation<\/a> ATHM 501-(c)(3) <a href=\"https:\/\/www.athm.org\/news\/athm-seeks-to-close\/\">ait \u00e9t\u00e9 dissoute en 2016<\/a>, ATHM.org continue d&rsquo;\u00eatre une ressource en ligne pour l&rsquo;art et la technologie textiles. Voir ci-dessous pour plus d&rsquo;informations sur ce qu&rsquo;est l&rsquo;ATHM :<\/p>\n<h2>Encyclop\u00e9die des textiles et des tissus<\/h2>\n<p>Nous servons d&rsquo;encyclop\u00e9die pour les textiles et les informations sur les tissus. Nous couvrons (ou nous nous effor\u00e7ons de couvrir) toutes sortes de textiles et de tissus, du <strong><br \/>\n  <em>A<\/em><br \/>\n<\/strong>tissu cristal \u00e0 <em><br \/>\n  <strong>Z<\/strong><br \/>\n<\/em>tissu ibeline, et tous les types de tissus entre les deux ! Nous aborderons \u00e9galement les tissages,<\/p>\n<p>Ces guides peuvent \u00eatre utiles pour choisir un mat\u00e9riau pour votre prochain projet d&rsquo;artisanat, de cr\u00e9ation de mode ou de rembourrage de meubles. Nous couvrons tous les aspects de l&rsquo;histoire d&rsquo;un tissu, ses caract\u00e9ristiques, ses avantages, ses inconv\u00e9nients, son co\u00fbt et le meilleur endroit o\u00f9 l&rsquo;acheter.<\/p>\n<h2>Art textile et artistes<\/h2>\n<p>Nous pr\u00e9sentons des \u0153uvres d&rsquo;artistes textiles contemporains et historiques, ainsi que des tutoriels et des guides sur les techniques de l&rsquo;art textile. Trouvez votre nouvel artiste pr\u00e9f\u00e9r\u00e9, ou votre nouvelle technique d&rsquo;art textile pr\u00e9f\u00e9r\u00e9e !<\/p>\n<p>Vous \u00eates un artiste textile et vous souhaitez \u00eatre mis en avant ?  <a href=\"https:\/\/www.athm.org\/contact\/\">Faites-nous savoir !<\/a><\/p>\n<h2>Guides, tutoriels et patrons de couture<\/h2>\n<p>Nous fournissons \u00e9galement des guides de couture, des tutoriels et une gamme de patrons de couture gratuits pour \u00e9clairer votre prochain projet. Combiner les connaissances sur les textiles et les tissus avec les comp\u00e9tences et les techniques de couture et de broderie.<\/p>\n<h2>Contribuez \u00e0 l&rsquo;ATHM !<\/h2>\n<p>Vous \u00eates dans le secteur du textile, de la mode ou de l&rsquo;artisanat et vous souhaitez vous faire conna\u00eetre ? Nous acceptons les contributions de didacticiels, de projets et de contenu technique. Contactez nous et faites nous savoir.<\/p>\n<h2>Suivez-nous sur les r\u00e9seaux sociaux !<\/h2>\n<p><a href=\"https:\/\/www.pinterest.com\/athmpins\/\"><img decoding=\"async\" class=\"wp-image-45 size-thumbnail alignleft\" src=\"https:\/\/www.athm.org\/wp-content\/uploads\/2022\/09\/pinterest-150x150.png\" alt=\"Logo Pinterest\" width=\"150\" height=\"150\" srcset=\"https:\/\/www.athm.org\/wp-content\/uploads\/2022\/09\/pinterest-150x150.png 150w, https:\/\/www.athm.org\/wp-content\/uploads\/2022\/09\/pinterest-300x300.png 300w, https:\/\/www.athm.org\/wp-content\/uploads\/2022\/09\/pinterest.png 512w\" sizes=\"(max-width: 150px) 100vw, 150px\" \/><\/a><a href=\"https:\/\/www.instagram.com\/americantextile\/\"><img decoding=\"async\" class=\"alignleft wp-image-46 size-thumbnail\" src=\"https:\/\/www.athm.org\/wp-content\/uploads\/2022\/09\/Instagram-Logo-150x150.webp\" alt=\"Logo Instagram\" width=\"150\" height=\"150\" srcset=\"https:\/\/www.athm.org\/wp-content\/uploads\/2022\/09\/Instagram-Logo-150x150.webp 150w, https:\/\/www.athm.org\/wp-content\/uploads\/2022\/09\/Instagram-Logo-300x300.webp 300w, https:\/\/www.athm.org\/wp-content\/uploads\/2022\/09\/Instagram-Logo-1024x1024.webp 1024w, https:\/\/www.athm.org\/wp-content\/uploads\/2022\/09\/Instagram-Logo-768x768.webp 768w, https:\/\/www.athm.org\/wp-content\/uploads\/2022\/09\/Instagram-Logo-1536x1536.webp 1536w, https:\/\/www.athm.org\/wp-content\/uploads\/2022\/09\/Instagram-Logo.webp 2048w\" sizes=\"(max-width: 150px) 100vw, 150px\" \/><\/a><\/p>\n","protected":false},"excerpt":{"rendered":"<p>L&rsquo;ATHM est l&rsquo;ancien si\u00e8ge de l&rsquo;American Textile History Museum, qui a fonctionn\u00e9 \u00e0 Lowell, dans le Massachusetts, de sa cr\u00e9ation en 1960 \u00e0 sa fermeture en 2016. L&rsquo;ATHM a \u00e9t\u00e9 fond\u00e9e pour raconter l&rsquo;histoire de l&rsquo;Am\u00e9rique \u00e0 travers l&rsquo;art et la technologie des textiles. Bien que le mus\u00e9e ait ferm\u00e9 et que l&rsquo;organisation ATHM 501-(c)(3) &hellip;<\/p>\n<p class=\"read-more\"> <a class=\"\" href=\"https:\/\/www.athm.org\/fr\/a-propos-de-lathm\/\"> <span class=\"screen-reader-text\">\u00c0 propos de l&rsquo;ATHM<\/span> Lire la suite\u00a0\u00bb<\/a><\/p>\n","protected":false},"author":1,"featured_media":0,"parent":0,"menu_order":0,"comment_status":"closed","ping_status":"closed","template":"","meta":{"site-sidebar-layout":"default","site-content-layout":"default","ast-global-header-display":"","ast-main-header-display":"","ast-hfb-above-header-display":"","ast-hfb-below-header-display":"","ast-hfb-mobile-header-display":"","site-post-title":"","ast-breadcrumbs-content":"","ast-featured-img":"","footer-sml-layout":"","theme-transparent-header-meta":"default","adv-header-id-meta":"","stick-header-meta":"","header-above-stick-meta":"","header-main-stick-meta":"","header-below-stick-meta":"","footnotes":""},"class_list":["post-725","page","type-page","status-publish","hentry"],"_links":{"self":[{"href":"https:\/\/www.athm.org\/fr\/wp-json\/wp\/v2\/pages\/725","targetHints":{"allow":["GET"]}}],"collection":[{"href":"https:\/\/www.athm.org\/fr\/wp-json\/wp\/v2\/pages"}],"about":[{"href":"https:\/\/www.athm.org\/fr\/wp-json\/wp\/v2\/types\/page"}],"author":[{"embeddable":true,"href":"https:\/\/www.athm.org\/fr\/wp-json\/wp\/v2\/users\/1"}],"replies":[{"embeddable":true,"href":"https:\/\/www.athm.org\/fr\/wp-json\/wp\/v2\/comments?post=725"}],"version-history":[{"count":0,"href":"https:\/\/www.athm.org\/fr\/wp-json\/wp\/v2\/pages\/725\/revisions"}],"wp:attachment":[{"href":"https:\/\/www.athm.org\/fr\/wp-json\/wp\/v2\/media?parent=725"}],"curies":[{"name":"wp","href":"https:\/\/api.w.org\/{rel}","templated":true}]}}