{"id":755,"date":"2024-04-17T00:26:10","date_gmt":"2024-04-17T00:26:10","guid":{"rendered":"https:\/\/www.athm.org\/inicio\/"},"modified":"2024-04-17T00:48:31","modified_gmt":"2024-04-17T00:48:31","slug":"inicio","status":"publish","type":"page","link":"https:\/\/www.athm.org\/es\/","title":{"rendered":"Inicio"},"content":{"rendered":"\t\t<div data-elementor-type=\"wp-page\" data-elementor-id=\"755\" class=\"elementor elementor-755 elementor-745\" data-elementor-post-type=\"page\">\n\t\t\t\t<div class=\"elementor-element elementor-element-97a3780 e-flex e-con-boxed e-con e-parent\" data-id=\"97a3780\" data-element_type=\"container\">\n\t\t\t\t\t<div class=\"e-con-inner\">\n\t\t\t\t<div class=\"elementor-element elementor-element-334148d elementor-widget elementor-widget-heading\" data-id=\"334148d\" data-element_type=\"widget\" data-widget_type=\"heading.default\">\n\t\t\t\t<div class=\"elementor-widget-container\">\n\t\t\t<style>\/*! elementor - v3.21.0 - 15-04-2024 *\/\n.elementor-heading-title{padding:0;margin:0;line-height:1}.elementor-widget-heading .elementor-heading-title[class*=elementor-size-]>a{color:inherit;font-size:inherit;line-height:inherit}.elementor-widget-heading .elementor-heading-title.elementor-size-small{font-size:15px}.elementor-widget-heading .elementor-heading-title.elementor-size-medium{font-size:19px}.elementor-widget-heading .elementor-heading-title.elementor-size-large{font-size:29px}.elementor-widget-heading .elementor-heading-title.elementor-size-xl{font-size:39px}.elementor-widget-heading .elementor-heading-title.elementor-size-xxl{font-size:59px}<\/style><h2 class=\"elementor-heading-title elementor-size-default\">Acerca del Museo de Historia Textil Americana<\/h2>\t\t<\/div>\n\t\t\t\t<\/div>\n\t\t\t\t<div class=\"elementor-element elementor-element-6048b9d elementor-widget elementor-widget-text-editor\" data-id=\"6048b9d\" data-element_type=\"widget\" data-widget_type=\"text-editor.default\">\n\t\t\t\t<div class=\"elementor-widget-container\">\n\t\t\t<style>\/*! elementor - v3.21.0 - 15-04-2024 *\/\n.elementor-widget-text-editor.elementor-drop-cap-view-stacked .elementor-drop-cap{background-color:#69727d;color:#fff}.elementor-widget-text-editor.elementor-drop-cap-view-framed .elementor-drop-cap{color:#69727d;border:3px solid;background-color:transparent}.elementor-widget-text-editor:not(.elementor-drop-cap-view-default) .elementor-drop-cap{margin-top:8px}.elementor-widget-text-editor:not(.elementor-drop-cap-view-default) .elementor-drop-cap-letter{width:1em;height:1em}.elementor-widget-text-editor .elementor-drop-cap{float:left;text-align:center;line-height:1;font-size:50px}.elementor-widget-text-editor .elementor-drop-cap-letter{display:inline-block}<\/style>\t\t\t\t<p>El Museo Americano de Historia Textil, situado en Lowell, Massachusetts, se dedic\u00f3 a captar la importancia de los textiles en el patrimonio cultural e industrial de Estados Unidos. Fundado en 1960 y perteneciente originalmente a la Instituci\u00f3n Smithsonian, el museo fue la cr\u00f3nica de la industria textil estadounidense desde sus primeros comienzos dom\u00e9sticos hasta su transformaci\u00f3n en una poderosa fuerza mundial.<\/p>\n<p>Sus colecciones abarcaban todos los aspectos de la industria textil, incluyendo maquinaria, artefactos, fotograf\u00edas y documentos. El museo mostraba c\u00f3mo los tejidos fueron parte integrante de la evoluci\u00f3n de la vida estadounidense, incluidos los avances tecnol\u00f3gicos, los movimientos obreros y las tendencias de la moda. Las exposiciones clave a menudo destacaban las innovaciones en maquinaria textil, el papel de los inmigrantes en la industria y el impacto de los textiles en la vida cotidiana.<\/p>\n<p>Por desgracia, el museo cerr\u00f3 en 2016 debido a dificultades financieras. A pesar de su cierre, sus colecciones siguen siendo un recurso importante para investigadores e historiadores, ya que ofrecen una visi\u00f3n completa del tapiz hist\u00f3rico del pasado industrial de Estados Unidos. Muchos de los artefactos y archivos se transfirieron a otras instituciones, garantizando que el legado de la industria textil y su impacto en la historia estadounidense sigan siendo accesibles y se conserven.<\/p>\n\t\t\t\t\t\t<\/div>\n\t\t\t\t<\/div>\n\t\t\t\t<div class=\"elementor-element elementor-element-93ad239 elementor-widget elementor-widget-heading\" data-id=\"93ad239\" data-element_type=\"widget\" data-widget_type=\"heading.default\">\n\t\t\t\t<div class=\"elementor-widget-container\">\n\t\t\t<h2 class=\"elementor-heading-title elementor-size-default\">Sobre ATHM<\/h2>\t\t<\/div>\n\t\t\t\t<\/div>\n\t\t\t\t<div class=\"elementor-element elementor-element-6bad900 elementor-widget elementor-widget-text-editor\" data-id=\"6bad900\" data-element_type=\"widget\" data-widget_type=\"text-editor.default\">\n\t\t\t\t<div class=\"elementor-widget-container\">\n\t\t\t\t\t\t\t<p>El ATHM se fund\u00f3 para continuar el legado del Museo Americano de Historia Textil, proporcionando contenidos educativos en torno a las telas, los tejidos y su historia. No estamos afiliados al Instituto Smithsonian, y somos una operaci\u00f3n independiente. Esperamos aportar alg\u00fan valor a trav\u00e9s de nuestra investigaci\u00f3n, edici\u00f3n y creatividad.<\/p>\n\t\t\t\t\t\t<\/div>\n\t\t\t\t<\/div>\n\t\t\t\t<div class=\"elementor-element elementor-element-d3607e9 elementor-widget elementor-widget-heading\" data-id=\"d3607e9\" data-element_type=\"widget\" data-widget_type=\"heading.default\">\n\t\t\t\t<div class=\"elementor-widget-container\">\n\t\t\t<h2 class=\"elementor-heading-title elementor-size-default\">Nuestras Gu\u00edas<\/h2>\t\t<\/div>\n\t\t\t\t<\/div>\n\t\t\t\t\t<\/div>\n\t\t\t\t<\/div>\n\t\t<div class=\"elementor-element elementor-element-4a8f9f0 e-flex e-con-boxed e-con e-parent\" data-id=\"4a8f9f0\" data-element_type=\"container\">\n\t\t\t\t\t<div class=\"e-con-inner\">\n\t\t\t\t\t<\/div>\n\t\t\t\t<\/div>\n\t\t\t\t<\/div>\n\t\t","protected":false},"excerpt":{"rendered":"<p>Acerca del Museo de Historia Textil Americana El Museo Americano de Historia Textil, situado en Lowell, Massachusetts, se dedic\u00f3 a captar la importancia de los textiles en el patrimonio cultural e industrial de Estados Unidos. Fundado en 1960 y perteneciente originalmente a la Instituci\u00f3n Smithsonian, el museo fue la cr\u00f3nica de la industria textil estadounidense &hellip;<\/p>\n<p class=\"read-more\"> <a class=\"\" href=\"https:\/\/www.athm.org\/es\/\"> <span class=\"screen-reader-text\">Inicio<\/span> Leer m\u00e1s &raquo;<\/a><\/p>\n","protected":false},"author":1,"featured_media":0,"parent":0,"menu_order":0,"comment_status":"closed","ping_status":"closed","template":"","meta":{"site-sidebar-layout":"no-sidebar","site-content-layout":"page-builder","ast-global-header-display":"","ast-main-header-display":"","ast-hfb-above-header-display":"","ast-hfb-below-header-display":"","ast-hfb-mobile-header-display":"","site-post-title":"disabled","ast-breadcrumbs-content":"","ast-featured-img":"disabled","footer-sml-layout":"","theme-transparent-header-meta":"","adv-header-id-meta":"","stick-header-meta":"","header-above-stick-meta":"","header-main-stick-meta":"","header-below-stick-meta":"","footnotes":""},"class_list":["post-755","page","type-page","status-publish","hentry"],"_links":{"self":[{"href":"https:\/\/www.athm.org\/es\/wp-json\/wp\/v2\/pages\/755","targetHints":{"allow":["GET"]}}],"collection":[{"href":"https:\/\/www.athm.org\/es\/wp-json\/wp\/v2\/pages"}],"about":[{"href":"https:\/\/www.athm.org\/es\/wp-json\/wp\/v2\/types\/page"}],"author":[{"embeddable":true,"href":"https:\/\/www.athm.org\/es\/wp-json\/wp\/v2\/users\/1"}],"replies":[{"embeddable":true,"href":"https:\/\/www.athm.org\/es\/wp-json\/wp\/v2\/comments?post=755"}],"version-history":[{"count":6,"href":"https:\/\/www.athm.org\/es\/wp-json\/wp\/v2\/pages\/755\/revisions"}],"predecessor-version":[{"id":787,"href":"https:\/\/www.athm.org\/es\/wp-json\/wp\/v2\/pages\/755\/revisions\/787"}],"wp:attachment":[{"href":"https:\/\/www.athm.org\/es\/wp-json\/wp\/v2\/media?parent=755"}],"curies":[{"name":"wp","href":"https:\/\/api.w.org\/{rel}","templated":true}]}}