{"id":750,"date":"2024-04-17T00:26:10","date_gmt":"2024-04-17T00:26:10","guid":{"rendered":"https:\/\/www.athm.org\/startseite\/"},"modified":"2024-04-17T00:48:31","modified_gmt":"2024-04-17T00:48:31","slug":"startseite","status":"publish","type":"page","link":"https:\/\/www.athm.org\/de\/","title":{"rendered":"Startseite"},"content":{"rendered":"\t\t<div data-elementor-type=\"wp-page\" data-elementor-id=\"750\" class=\"elementor elementor-750 elementor-745\" data-elementor-post-type=\"page\">\n\t\t\t\t<div class=\"elementor-element elementor-element-97a3780 e-flex e-con-boxed e-con e-parent\" data-id=\"97a3780\" data-element_type=\"container\">\n\t\t\t\t\t<div class=\"e-con-inner\">\n\t\t\t\t<div class=\"elementor-element elementor-element-334148d elementor-widget elementor-widget-heading\" data-id=\"334148d\" data-element_type=\"widget\" data-widget_type=\"heading.default\">\n\t\t\t\t<div class=\"elementor-widget-container\">\n\t\t\t<style>\/*! elementor - v3.21.0 - 15-04-2024 *\/\n.elementor-heading-title{padding:0;margin:0;line-height:1}.elementor-widget-heading .elementor-heading-title[class*=elementor-size-]>a{color:inherit;font-size:inherit;line-height:inherit}.elementor-widget-heading .elementor-heading-title.elementor-size-small{font-size:15px}.elementor-widget-heading .elementor-heading-title.elementor-size-medium{font-size:19px}.elementor-widget-heading .elementor-heading-title.elementor-size-large{font-size:29px}.elementor-widget-heading .elementor-heading-title.elementor-size-xl{font-size:39px}.elementor-widget-heading .elementor-heading-title.elementor-size-xxl{font-size:59px}<\/style><h2 class=\"elementor-heading-title elementor-size-default\">\u00dcber das Museum f\u00fcr Amerikanische Textilgeschichte<\/h2>\t\t<\/div>\n\t\t\t\t<\/div>\n\t\t\t\t<div class=\"elementor-element elementor-element-6048b9d elementor-widget elementor-widget-text-editor\" data-id=\"6048b9d\" data-element_type=\"widget\" data-widget_type=\"text-editor.default\">\n\t\t\t\t<div class=\"elementor-widget-container\">\n\t\t\t<style>\/*! elementor - v3.21.0 - 15-04-2024 *\/\n.elementor-widget-text-editor.elementor-drop-cap-view-stacked .elementor-drop-cap{background-color:#69727d;color:#fff}.elementor-widget-text-editor.elementor-drop-cap-view-framed .elementor-drop-cap{color:#69727d;border:3px solid;background-color:transparent}.elementor-widget-text-editor:not(.elementor-drop-cap-view-default) .elementor-drop-cap{margin-top:8px}.elementor-widget-text-editor:not(.elementor-drop-cap-view-default) .elementor-drop-cap-letter{width:1em;height:1em}.elementor-widget-text-editor .elementor-drop-cap{float:left;text-align:center;line-height:1;font-size:50px}.elementor-widget-text-editor .elementor-drop-cap-letter{display:inline-block}<\/style>\t\t\t\t<p>Das American Textile History Museum in Lowell, Massachusetts, hatte sich zum Ziel gesetzt, die Bedeutung von Textilien f\u00fcr das kulturelle und industrielle Erbe Amerikas zu erfassen. Das 1960 gegr\u00fcndete Museum, das urspr\u00fcnglich zur Smithsonian Institution geh\u00f6rte, zeigt die amerikanische Textilindustrie von ihren fr\u00fchen Anf\u00e4ngen im Inland bis zu ihrer Umwandlung in eine m\u00e4chtige globale Kraft.<\/p>\n<p>Die Sammlungen umfassten alle Aspekte der Textilindustrie, einschlie\u00dflich Maschinen, Artefakte, Fotografien und Dokumente. Das Museum zeigt, wie sehr Textilien die Entwicklung des amerikanischen Lebens beeinflusst haben, einschlie\u00dflich technologischer Fortschritte, Arbeiterbewegungen und Modetrends. Wichtige Ausstellungen beleuchteten oft die Innovationen bei den Textilmaschinen, die Rolle der Einwanderer in der Industrie und den Einfluss der Textilien auf das t\u00e4gliche Leben.<\/p>\n<p>Leider wurde das Museum 2016 aufgrund von finanziellen Schwierigkeiten geschlossen. Trotz der Schlie\u00dfung sind die Sammlungen weiterhin eine wichtige Ressource f\u00fcr Forscher und Historiker, da sie einen umfassenden Einblick in die industrielle Vergangenheit Amerikas bieten. Viele der Artefakte und Archive wurden an andere Institutionen \u00fcbergeben, um sicherzustellen, dass das Erbe der Textilindustrie und ihr Einfluss auf die amerikanische Geschichte zug\u00e4nglich und erhalten bleibt.<\/p>\n\t\t\t\t\t\t<\/div>\n\t\t\t\t<\/div>\n\t\t\t\t<div class=\"elementor-element elementor-element-93ad239 elementor-widget elementor-widget-heading\" data-id=\"93ad239\" data-element_type=\"widget\" data-widget_type=\"heading.default\">\n\t\t\t\t<div class=\"elementor-widget-container\">\n\t\t\t<h2 class=\"elementor-heading-title elementor-size-default\">\u00dcber ATHM<\/h2>\t\t<\/div>\n\t\t\t\t<\/div>\n\t\t\t\t<div class=\"elementor-element elementor-element-6bad900 elementor-widget elementor-widget-text-editor\" data-id=\"6bad900\" data-element_type=\"widget\" data-widget_type=\"text-editor.default\">\n\t\t\t\t<div class=\"elementor-widget-container\">\n\t\t\t\t\t\t\t<p>Das ATHM wurde gegr\u00fcndet, um das Erbe des American Textile History Museum fortzuf\u00fchren, indem es Bildungsinhalte rund um Stoffe, Textilien und deren Geschichte anbietet. Wir sind nicht mit dem Smithsonian Institute verbunden, sondern ein unabh\u00e4ngiges Unternehmen. Wir hoffen, dass wir durch unsere Recherche, Redaktion und Kreativit\u00e4t einen gewissen Mehrwert bieten k\u00f6nnen.<\/p>\n\t\t\t\t\t\t<\/div>\n\t\t\t\t<\/div>\n\t\t\t\t<div class=\"elementor-element elementor-element-d3607e9 elementor-widget elementor-widget-heading\" data-id=\"d3607e9\" data-element_type=\"widget\" data-widget_type=\"heading.default\">\n\t\t\t\t<div class=\"elementor-widget-container\">\n\t\t\t<h2 class=\"elementor-heading-title elementor-size-default\">Unsere Leitf\u00e4den<\/h2>\t\t<\/div>\n\t\t\t\t<\/div>\n\t\t\t\t\t<\/div>\n\t\t\t\t<\/div>\n\t\t<div class=\"elementor-element elementor-element-4a8f9f0 e-flex e-con-boxed e-con e-parent\" data-id=\"4a8f9f0\" data-element_type=\"container\">\n\t\t\t\t\t<div class=\"e-con-inner\">\n\t\t\t\t\t<\/div>\n\t\t\t\t<\/div>\n\t\t\t\t<\/div>\n\t\t","protected":false},"excerpt":{"rendered":"<p>\u00dcber das Museum f\u00fcr Amerikanische Textilgeschichte Das American Textile History Museum in Lowell, Massachusetts, hatte sich zum Ziel gesetzt, die Bedeutung von Textilien f\u00fcr das kulturelle und industrielle Erbe Amerikas zu erfassen. Das 1960 gegr\u00fcndete Museum, das urspr\u00fcnglich zur Smithsonian Institution geh\u00f6rte, zeigt die amerikanische Textilindustrie von ihren fr\u00fchen Anf\u00e4ngen im Inland bis zu ihrer &hellip;<\/p>\n<p class=\"read-more\"> <a class=\"\" href=\"https:\/\/www.athm.org\/de\/\"> <span class=\"screen-reader-text\">Startseite<\/span> Weiterlesen &raquo;<\/a><\/p>\n","protected":false},"author":1,"featured_media":0,"parent":0,"menu_order":0,"comment_status":"closed","ping_status":"closed","template":"","meta":{"site-sidebar-layout":"no-sidebar","site-content-layout":"page-builder","ast-global-header-display":"","ast-main-header-display":"","ast-hfb-above-header-display":"","ast-hfb-below-header-display":"","ast-hfb-mobile-header-display":"","site-post-title":"disabled","ast-breadcrumbs-content":"","ast-featured-img":"disabled","footer-sml-layout":"","theme-transparent-header-meta":"","adv-header-id-meta":"","stick-header-meta":"","header-above-stick-meta":"","header-main-stick-meta":"","header-below-stick-meta":"","footnotes":""},"class_list":["post-750","page","type-page","status-publish","hentry"],"_links":{"self":[{"href":"https:\/\/www.athm.org\/de\/wp-json\/wp\/v2\/pages\/750","targetHints":{"allow":["GET"]}}],"collection":[{"href":"https:\/\/www.athm.org\/de\/wp-json\/wp\/v2\/pages"}],"about":[{"href":"https:\/\/www.athm.org\/de\/wp-json\/wp\/v2\/types\/page"}],"author":[{"embeddable":true,"href":"https:\/\/www.athm.org\/de\/wp-json\/wp\/v2\/users\/1"}],"replies":[{"embeddable":true,"href":"https:\/\/www.athm.org\/de\/wp-json\/wp\/v2\/comments?post=750"}],"version-history":[{"count":4,"href":"https:\/\/www.athm.org\/de\/wp-json\/wp\/v2\/pages\/750\/revisions"}],"predecessor-version":[{"id":784,"href":"https:\/\/www.athm.org\/de\/wp-json\/wp\/v2\/pages\/750\/revisions\/784"}],"wp:attachment":[{"href":"https:\/\/www.athm.org\/de\/wp-json\/wp\/v2\/media?parent=750"}],"curies":[{"name":"wp","href":"https:\/\/api.w.org\/{rel}","templated":true}]}}